{"id":119,"date":"2018-11-17T14:42:12","date_gmt":"2018-11-17T13:42:12","guid":{"rendered":"http:\/\/daero-backup.azurewebsites.net\/?page_id=119"},"modified":"2019-03-25T15:30:41","modified_gmt":"2019-03-25T14:30:41","slug":"allgemeine-geschaeftsbedingungen","status":"publish","type":"page","link":"https:\/\/daero-backup.de\/index.php\/allgemeine-geschaeftsbedingungen\/","title":{"rendered":"Allgemeine Gesch\u00e4ftsbedingungen"},"content":{"rendered":"<h3 style=\"margin-bottom: 15px\">1. Geltung<\/h3>\n<p><strong>1.1<\/strong> Die DAERO GmbH stellt ihre Liefer- und Serviceleistungen ausschlie\u00dflich zu den nachfolgenden Allgemeinen Gesch\u00e4ftsbedingungen bereit, die s\u00e4mtlichen zwischen der DAERO GmbH und Unternehmern im Sinne der Bestimmung des \u00a7 14 BGB geschlossenen Vertr\u00e4gen zugrunde liegen. Unternehmer sind danach nat\u00fcrliche oder juristische Personen oder rechtsf\u00e4hige Personengesellschaften, die zu gewerblichen, selbst\u00e4ndigen oder freiberuflichen Zwecken bestellen. Die Gesch\u00e4ftsbedingungen gelten nicht f\u00fcr Vertr\u00e4ge mit Verbrauchern im Sinne des \u00a7 13 BGB. Verbraucher sind danach nat\u00fcrliche Personen, bei denen der Zweck der Bestellung nicht einer gewerblichen, selbst\u00e4ndigen oder freiberuflichen T\u00e4tigkeit zugerechnet werden kann.<br \/>\nDen nachfolgenden Bestimmungen entgegenstehende oder abweichende allgemeine Gesch\u00e4fts-bedingungen des Bestellers finden keine Anwendung. Die nachfolgenden Gesch\u00e4ftsbedingungen gelten auch dann ausschlie\u00dflich, wenn wir in Kenntnis entgegenstehender oder von den nachfolgen-den Gesch\u00e4ftsbedingungen abweichender Bedingungen des Bestellers die Liefer- und Serviceleistung vorbehaltlos ausf\u00fchren.<\/p>\n<p><strong>1.2<\/strong> Werden als Fristen Werktage angegeben, so verstehen sich darunter alle Wochentage mit Ausnahme von Samstagen, Sonntagen und gesetzlichen Feiertagen.<\/p>\n<h3 style=\"margin-top: 20px; margin-bottom: 15px\">2. Speicherm\u00f6glichkeit und Einsicht in den Vertragstext<\/h3>\n<p>Sie k\u00f6nnen diese Allgemeinen Gesch\u00e4ftsbedingungen mit den enthaltenen allgemeinen Vertragsbestimmungen auf unserer Seite https:\/\/daero-backup.de einsehen. Sie k\u00f6nnen dieses Dokument ferner ausdrucken oder speichern, indem sie die \u00fcbliche Funktionalit\u00e4t ihres Internet Dienstprogramms nutzen. Sie k\u00f6nnen sich dieses Dokument auch in PDF-Form herunterladen und archivieren. Zum \u00d6ffnen der PDF-Datei ben\u00f6tigen Sie das kostenfreie Programm Adobe Reader (unter www.adobe.de) oder vergleichbare Programme, die das PDF-Format beherrschen.<\/p>\n<h3 style=\"margin-top: 20px; margin-bottom: 15px\">3. Vertragspartner und Vertragsabschluss<\/h3>\n<p>Ihr ausschlie\u00dflicher Vertragspartner ist die DAERO GmbH. Ein verbindlicher Vertrag kommt erst zustande, wenn wir Ihre Bestellung\/Ihren Auftrag durch eine gesonderte Annahmeerkl\u00e4rung oder durch den Beginn der Liefer- und\/oder Serviceleistungen annehmen.<\/p>\n<h3 style=\"margin-top: 20px; margin-bottom: 15px\">4. Vertragslaufzeit und K\u00fcndigung<\/h3>\n<p><strong>4.1<\/strong> Die Mindestvertragslaufzeit betr\u00e4gt ein Jahr, gerechnet ab der Lieferung\/Bereitstellung der DAERO Backup Softwarelizenz. Das Datum des Vertragsbeginns und des Vertragsendes wird dem Kunden durch die DAERO GmbH schriftlich mitgeteilt. Zur Einhaltung des Schriftformerfordernis reicht die Mitteilung an den Kunden per E-Mail aus. F\u00fcr den Zugang der Mitteilung bei dem Kunden ist die DAERO GmbH beweispflichtig.<\/p>\n<p><strong>4.2<\/strong> Die Laufzeit des Vertragsverh\u00e4ltnisses verl\u00e4ngert sich jeweils um ein weiteres Jahr, wenn der Vertrag nicht mindestens einen Monat vor dem Ende des laufenden Vertragsjahres schriftlich gek\u00fcndigt worden ist.<\/p>\n<p><strong>4.3<\/strong> Eine K\u00fcndigung per E-Mail an service@daero-backup.de ist zul\u00e4ssig. Die K\u00fcndigung wird dem Kunden ebenfalls per E-Mail best\u00e4tigt. Die Rechtzeitigkeit der ordentlichen K\u00fcndigung hat der k\u00fcndigende Vertragspartner zu beweisen. Das Recht beider Parteien zu einer au\u00dferordentlichen K\u00fcndigung bei Vorliegen eines wichtigen Grundes bleibt hiervon unber\u00fchrt.<\/p>\n<p><strong>4.4<\/strong> Nach einer K\u00fcndigung bleiben die gesicherten Kundendaten noch mindestens einen Monat lang im Cloudspeicherplatz verf\u00fcgbar. Im Bedarfsfall kann so auch noch nach Vertragsende auf die Daten zugegriffen werden. Der Kunde kann jederzeit verlangen, dass seine gesicherten Daten sofort aus dem Sicherungsspeicher gel\u00f6scht werden.<\/p>\n<h3 style=\"margin-top: 20px; margin-bottom: 15px\">5. Preise und Zahlungsbedingungen<\/h3>\n<p><strong>5.1<\/strong> Es gelten die in unserem schriftlichen Angebot im Einzelnen genannten Preise. Diese sind f\u00fcr die<br \/>\nDAERO GmbH, gerechnet ab dem Datum der Angebotsabgabe, einen Monat lang bindend.<\/p>\n<p><strong>5.2<\/strong> Die DAERO GmbH ist nach Vertragsabschluss und bei Vorliegen eines wichtigen Grundes dazu berechtigt, nach billigem Ermessen, unter Beachtung der Bestimmung des \u00a7 315 BGB, einseitig eine Anpassung der einzelnen vertraglich vereinbarten Preise vorzunehmen.<\/p>\n<p>Ein wichtiger Grund liegt beispielhaft, d.h. ohne Anspruch auf Vollst\u00e4ndigkeit insbesondere dann vor, wenn f\u00fcr die DAERO GmbH Einkaufspreise f\u00fcr Softwarelizenzen, die Kosten f\u00fcr Speicherkapazit\u00e4ten oder auch Servicekosten, insbesondere Personalkosten, im Vergleich zum Zeitpunkt des Abschlusses des Vertrages erheblich gestiegen sind.<br \/>\nDie jeweilige Preisanpassung erfolgt durch eine einseitige, schriftliche Erkl\u00e4rung und ist von der DAERO GmbH dem Kunden sachlich zu begr\u00fcnden. Als Schriftform reicht die Mitteilung per E-Mail aus.<br \/>\nAb dem Zugang der Erkl\u00e4rung einer Preisanpassung steht dem Kunden ein Recht zur K\u00fcndigung des Vertragsverh\u00e4ltnisses zu. Die Aus\u00fcbung des Sonderk\u00fcndigungsrechtes hat der Kunde gegen\u00fcber der DAERO GmbH binnen einer (Ausschluss-) Frist von 30 Werktagen, gerechnet ab dem Zugang der Preisanpassungserkl\u00e4rung, schriftlich zu erkl\u00e4ren. Ein Versand der K\u00fcndigungserkl\u00e4rung per E-Mail reicht hierbei aus. F\u00fcr den rechtzeitigen Zugang der K\u00fcndigungserkl\u00e4rung bei der DAERO GmbH ist der Kunde beweispflichtig. Macht der Kunde keinen Gebrauch von seinem Sonderk\u00fcndigungsrecht, so setzt sich das Vertragsverh\u00e4ltnis zwischen den Parteien fort und tritt die Preisanpassung ab dem 31. Werktag nach Zugang der Erkl\u00e4rung in Kraft.<\/p>\n<p><strong>5.3<\/strong> Rechnungen der DAERO GmbH werden dem Kunden in digitaler Form z.B. per E-Mail zugestellt oder k\u00f6nnen im DAERO Kundencenter online abgerufen werden.<\/p>\n<h3 style=\"margin-top: 20px; margin-bottom: 15px\">6. SEPA-Lastschriftmandat \/Leistungseinstellung\/K\u00fcndigungsrecht<\/h3>\n<p><strong> 6.1<\/strong> Zahlungen des Kunden haben ausschlie\u00dflich im Bankeinzugsverfahren zu erfolgen. Zu diesem Zweck ist der Kunde dazu verpflichtet, der DAERO GmbH bei Auftragserteilung \/bei Vertragsabschluss ein SEPA-Lastschriftmandat zu erteilen und stets daf\u00fcr Sorge zu tragen, dass auf dem darin angegebenen Konto ausreichende Deckung vorhanden ist.<\/p>\n<p><strong> 6.2<\/strong> Solange vom Kunden das Lastschriftmandat nicht erteilt ist, bestehen auf Seiten der DAERO GmbH keinerlei Verpflichtungen zu Lieferungen oder Leistungen und ist der Kunde nicht dazu berechtigt, von der\/den ihm ggf. bereits \u00fcberlassenen Lizenz\/en Gebrauch zu machen.<br \/>\nDies gilt auch dann, wenn es infolge einer fehlenden Kontodeckung zweimal zu R\u00fccklastschriften gekommen ist. In diesem Fall ist die DAERO GmbH dazu berechtigt, das\/die stehende\/n Vertragsverh\u00e4ltnis\/se au\u00dferordentlich fristlos zu k\u00fcndigen und jegliche Leistungserbringung gegen\u00fcber dem Kunden mit sofortiger Wirkung einzustellen.<\/p>\n<p><strong> 6.3<\/strong> Eine Ausnahme vom Bankeinzugsverfahren wird bei der Bestellung der DAERO Backup Testversion gemacht. Der Kunde erh\u00e4lt hierf\u00fcr eine Rechnung, die er im Voraus \u00fcberweist.<\/p>\n<h3 style=\"margin-top: 20px; margin-bottom: 15px\">7. Urheberrecht<\/h3>\n<p>Die DAERO Backup Software ist urheberrechtlich gesch\u00fctzt. Die Software darf nur mit der auf die Anzahl der lizenzierten Arbeitspl\u00e4tze beschr\u00e4nkten Nutzeranzahl auf PCs\/Server installiert und benutzt werden. Der Kunde darf die gelieferte Software daher nicht vervielf\u00e4ltigen oder Dritten zur Nutzung \u00fcberlassen und ist verpflichtet, den unbefugten Zugriff Dritter auf die Software sowie die Dokumentation durch geeignete Vorkehrungen zu verhindern.<\/p>\n<h3 style=\"margin-top: 20px; margin-bottom: 15px\">8. Gew\u00e4hrleistung<\/h3>\n<p><strong>8.1<\/strong> Es wird darauf hingewiesen, dass es nicht m\u00f6glich ist, Software so zu entwickeln, dass sie f\u00fcr alle Anwendungsbedingungen fehlerfrei ist. St\u00f6rungen beim Ablauf von Sicherungspl\u00e4nen sind nicht auszuschlie\u00dfen z. B. wenn ein PC\/Server zu Wartungszwecken ausgeschaltet ist oder Internet nicht verf\u00fcgbar ist oder der Speicherplatz nicht ausreicht. Oft sind solche St\u00f6rungen nur vor\u00fcbergehend und bed\u00fcrfen keiner besonderen Bearbeitung. Sonstige kleinere St\u00f6rungen beheben wir in der Regel sehr z\u00fcgig und selbst\u00e4ndig oder informieren den Kunden sp\u00e4testens nach wenigen Tagen \u00fcber bestehende Probleme.<br \/>\nBei reproduzierbaren und eindeutig festgestellten Softwarefehlern melden wir dies dem Softwarehersteller mit der Bitte um schnellstm\u00f6gliche Korrektur im Rahmen einer neuen Programmversion.<br \/>\nUnter dieser Einschr\u00e4nkung leistet die DAERO GmbH die Gew\u00e4hr, dass Software im Sinne der zum Zeitpunkt der Auslieferung an den Kunden g\u00fcltigen Programmbeschreibung nutzbar ist und die dort zugesicherten Eigenschaften aufweist. Eine unerhebliche Minderung der Brauchbarkeit bleibt au\u00dfer Betracht. Im Rahmen unseres Servicepakets \u00fcberwachen wir, dass die Backupsoftware richtig installiert ist und die eingerichteten Sicherungspl\u00e4ne richtig ablaufen.<\/p>\n<p><strong>8.2<\/strong> Erweist sich Software als fehlerhaft, erfolgt innerhalb einer sechsmonatigen Gew\u00e4hr-leistungsfrist, die mit der \u00dcbergabe der Software beginnt, eine R\u00fccknahme der gelieferten Software durch die DAERO GmbH und ein Austausch gegen neue Software gleichen Titels. Erweist sich auch diese Software als fehlerhaft und gelingt es der DAERO GmbH nicht, die Fehlerhaftigkeit mit angemessenem Aufwand und innerhalb eines angemessenen Zeitraums herzustellen, hat der Kunde oder Nutzer nach seiner Wahl das Recht auf Minderung des Kaufpreises oder R\u00fcckgabe der Software und R\u00fcckerstattung des Kaufpreises. Eine weitergehende Gew\u00e4hrleistungspflicht besteht nicht.<\/p>\n<h3 style=\"margin-top: 20px; margin-bottom: 15px\">9. Haftung<\/h3>\n<p><strong>9.1<\/strong> F\u00fcr Sch\u00e4den wegen Rechtsm\u00e4ngeln und Fehlens zugesicherter Eigenschaften haftet die DAERO GmbH unbeschr\u00e4nkt. Die Haftung f\u00fcr anf\u00e4ngliches Unverm\u00f6gen wird auf das F\u00fcnffache des \u00dcberlassungsentgelts sowie auf solche Sch\u00e4den begrenzt, mit deren Entstehung im Rahmen einer Software\u00fcberlassung und Hardwarelieferung typischerweise gerechnet werden muss, sofern nicht die DAERO GmbH nachweist, dass ein Schaden oder eine Wertminderung \u00fcberhaupt nicht entstanden oder wesentlich niedriger als die Pauschale ist.<\/p>\n<p><strong>9.2<\/strong> Im \u00dcbrigen haftet die DAERO GmbH unbeschr\u00e4nkt nur f\u00fcr Vorsatz und grobe Fahrl\u00e4ssigkeit auch seiner gesetzlichen Vertreter und leitenden Angestellten. F\u00fcr das Verschulden sonstiger Erf\u00fcllungs-gehilfen haftet die DAERO GmbH nur im Umfang der Haftung f\u00fcr anf\u00e4ngliches Unverm\u00f6gen.<\/p>\n<p><strong>9.3<\/strong> F\u00fcr leichte Fahrl\u00e4ssigkeit haftet die DAERO GmbH nur, sofern eine Pflicht verletzt wird, deren Einhaltung f\u00fcr die Erreichung des Vertragszwecks von besonderer Bedeutung ist (Kardinalpflicht).<\/p>\n<p><strong>9.4<\/strong> Die Haftung f\u00fcr Datenverlust wird auf den typischen Wiederherstellungsaufwand beschr\u00e4nkt, der bei regelm\u00e4\u00dfiger und gefahrentsprechender Anfertigung von Sicherungskopien (3-Generationen-System und Monatsspeicherung) eingetreten w\u00e4re. F\u00fcr die Wiederbeschaffung von Daten haftet die DAERO GmbH jedoch nicht, wenn deren Verlust durch Viren, Trojaner etc. verursacht wurde, die \u00fcber Netzknoten von Telekommunikationsdiensteanbietern oder durch die Verwendung von nicht durch die DAERO GmbH gepr\u00fcften Programme oder Dateien in Kontakt mit der Software kommen.<\/p>\n<h3 style=\"margin-top: 20px; margin-bottom: 15px\">10. Erf\u00fcllungsort, Gerichtsstand, Wirksamkeit<\/h3>\n<p>Alleiniger Erf\u00fcllungsort f\u00fcr alle Zahlungen und Lieferungen ist der Sitz der DAERO GmbH. Sind beide Vertragsparteien Vollkaufleute, so ist ausschlie\u00dflicher Gerichtsstand der Sitz der DAERO GmbH f\u00fcr alle sich aus dem Vertragsverh\u00e4ltnis unmittelbar oder mittelbar ergebender Streitigkeiten. Die DAERO GmbH hat jedoch das Recht, den Kunden an seinem allgemeinen Gerichtsstand zu verklagen.<\/p>\n<h3 style=\"margin-top: 20px; margin-bottom: 15px\">11. Datenschutz (DS-GVO)<\/h3>\n<p><strong>11.1<\/strong> Der Schutz der personenbezogenen Daten unserer Kunden\/Vertragspartner ist der DAERO GmbH ein wichtiges Anliegen. Deshalb betreibt die DAERO GmbH ihre Aktivit\u00e4ten in \u00dcbereinstimmung mit den anwendbaren Rechtsvorschriften zum Schutz personenbezogener Daten und zur Datensicherheit, d.h. unter Beachtung der Datenschutzgrundverordnung (DS-GVO) und des Bundesdatenschutzgesetzes (BDSG). Diese finden Sie im Internet unter anderem unter https:\/\/dsgvo-gesetz.de\/<\/p>\n<p><strong>11.2<\/strong> Falls in dem zu sichernden Datenbestand besonders sch\u00fctzenswerte personenbezogene Daten enthalten sind, ist der Kunde\/Vertragspartner im Gegenzug dazu verpflichtet, die DAERO GmbH vor Auftragserteilung dar\u00fcber zu informieren mit Angabe von Speicherort, Umfang und gesch\u00fctzter Kategorie der personenbezogenen Daten.<\/p>\n","protected":false},"excerpt":{"rendered":"<p>1. Geltung 1.1 Die DAERO GmbH stellt ihre Liefer- und Serviceleistungen ausschlie\u00dflich zu den nachfolgenden Allgemeinen Gesch\u00e4ftsbedingungen bereit, die s\u00e4mtlichen zwischen der DAERO GmbH und Unternehmern im Sinne der Bestimmung des \u00a7 14 BGB geschlossenen Vertr\u00e4gen zugrunde liegen. Unternehmer sind danach nat\u00fcrliche oder juristische Personen oder rechtsf\u00e4hige Personengesellschaften, die zu gewerblichen, selbst\u00e4ndigen oder freiberuflichen Zwecken [&hellip;]<\/p>\n","protected":false},"author":1,"featured_media":0,"parent":0,"menu_order":0,"comment_status":"closed","ping_status":"closed","template":"","meta":[],"yst_prominent_words":[64,52,63,50,60,56,53,55,51,54,58,61,66,65,59,62,69,67,57,68],"_links":{"self":[{"href":"https:\/\/daero-backup.de\/index.php\/wp-json\/wp\/v2\/pages\/119"}],"collection":[{"href":"https:\/\/daero-backup.de\/index.php\/wp-json\/wp\/v2\/pages"}],"about":[{"href":"https:\/\/daero-backup.de\/index.php\/wp-json\/wp\/v2\/types\/page"}],"author":[{"embeddable":true,"href":"https:\/\/daero-backup.de\/index.php\/wp-json\/wp\/v2\/users\/1"}],"replies":[{"embeddable":true,"href":"https:\/\/daero-backup.de\/index.php\/wp-json\/wp\/v2\/comments?post=119"}],"version-history":[{"count":8,"href":"https:\/\/daero-backup.de\/index.php\/wp-json\/wp\/v2\/pages\/119\/revisions"}],"predecessor-version":[{"id":317,"href":"https:\/\/daero-backup.de\/index.php\/wp-json\/wp\/v2\/pages\/119\/revisions\/317"}],"wp:attachment":[{"href":"https:\/\/daero-backup.de\/index.php\/wp-json\/wp\/v2\/media?parent=119"}],"wp:term":[{"taxonomy":"yst_prominent_words","embeddable":true,"href":"https:\/\/daero-backup.de\/index.php\/wp-json\/wp\/v2\/yst_prominent_words?post=119"}],"curies":[{"name":"wp","href":"https:\/\/api.w.org\/{rel}","templated":true}]}}